{"id":8,"date":"2023-05-11T08:42:31","date_gmt":"2023-05-11T08:42:31","guid":{"rendered":"https:\/\/demosites.royal-elementor-addons.com\/fintech-v1\/?page_id=8"},"modified":"2023-08-31T02:01:09","modified_gmt":"2023-08-31T02:01:09","slug":"about","status":"publish","type":"page","link":"https:\/\/softsoluciones.cl\/web\/index.php\/about\/","title":{"rendered":"About"},"content":{"rendered":"\t\t<div data-elementor-type=\"wp-page\" data-elementor-id=\"8\" class=\"elementor elementor-8\">\n\t\t\t\t\t\t\t\t\t<section class=\"elementor-section elementor-top-section elementor-element elementor-element-a00e5a5 elementor-section-height-min-height elementor-section-boxed elementor-section-height-default elementor-section-items-middle wpr-particle-no wpr-jarallax-no wpr-parallax-no wpr-sticky-section-no\" data-id=\"a00e5a5\" data-element_type=\"section\" data-settings=\"{&quot;background_background&quot;:&quot;classic&quot;}\">\n\t\t\t\t\t\t<div class=\"elementor-container elementor-column-gap-default\">\n\t\t\t\t\t<div class=\"elementor-column elementor-col-100 elementor-top-column elementor-element elementor-element-cce4de2\" data-id=\"cce4de2\" data-element_type=\"column\">\n\t\t\t<div class=\"elementor-widget-wrap elementor-element-populated\">\n\t\t\t\t\t\t\t\t<div class=\"elementor-element elementor-element-b4273bb elementor-widget elementor-widget-heading\" data-id=\"b4273bb\" data-element_type=\"widget\" data-widget_type=\"heading.default\">\n\t\t\t\t<div class=\"elementor-widget-container\">\n\t\t\t<style>\/*! elementor - v3.14.0 - 26-06-2023 *\/\n.elementor-heading-title{padding:0;margin:0;line-height:1}.elementor-widget-heading .elementor-heading-title[class*=elementor-size-]>a{color:inherit;font-size:inherit;line-height:inherit}.elementor-widget-heading .elementor-heading-title.elementor-size-small{font-size:15px}.elementor-widget-heading .elementor-heading-title.elementor-size-medium{font-size:19px}.elementor-widget-heading .elementor-heading-title.elementor-size-large{font-size:29px}.elementor-widget-heading .elementor-heading-title.elementor-size-xl{font-size:39px}.elementor-widget-heading .elementor-heading-title.elementor-size-xxl{font-size:59px}<\/style><h2 class=\"elementor-heading-title elementor-size-default\">Quienes Somos<\/h2>\t\t<\/div>\n\t\t\t\t<\/div>\n\t\t\t\t\t<\/div>\n\t\t<\/div>\n\t\t\t\t\t\t\t<\/div>\n\t\t<\/section>\n\t\t\t\t<section class=\"elementor-section elementor-top-section elementor-element elementor-element-40192dd elementor-section-boxed elementor-section-height-default elementor-section-height-default wpr-particle-no wpr-jarallax-no wpr-parallax-no wpr-sticky-section-no\" data-id=\"40192dd\" data-element_type=\"section\">\n\t\t\t\t\t\t<div class=\"elementor-container elementor-column-gap-wide\">\n\t\t\t\t\t<div class=\"elementor-column elementor-col-50 elementor-top-column elementor-element elementor-element-254bc30\" data-id=\"254bc30\" data-element_type=\"column\">\n\t\t\t<div class=\"elementor-widget-wrap elementor-element-populated\">\n\t\t\t\t\t\t\t\t<div class=\"elementor-element elementor-element-d2305b6 elementor-widget elementor-widget-heading\" data-id=\"d2305b6\" data-element_type=\"widget\" data-widget_type=\"heading.default\">\n\t\t\t\t<div class=\"elementor-widget-container\">\n\t\t\t<h2 class=\"elementor-heading-title elementor-size-default\">Quienes Somos<\/h2>\t\t<\/div>\n\t\t\t\t<\/div>\n\t\t\t\t<div class=\"elementor-element elementor-element-101d6ad elementor-widget elementor-widget-text-editor\" data-id=\"101d6ad\" data-element_type=\"widget\" data-widget_type=\"text-editor.default\">\n\t\t\t\t<div class=\"elementor-widget-container\">\n\t\t\t<style>\/*! elementor - v3.14.0 - 26-06-2023 *\/\n.elementor-widget-text-editor.elementor-drop-cap-view-stacked .elementor-drop-cap{background-color:#69727d;color:#fff}.elementor-widget-text-editor.elementor-drop-cap-view-framed .elementor-drop-cap{color:#69727d;border:3px solid;background-color:transparent}.elementor-widget-text-editor:not(.elementor-drop-cap-view-default) .elementor-drop-cap{margin-top:8px}.elementor-widget-text-editor:not(.elementor-drop-cap-view-default) .elementor-drop-cap-letter{width:1em;height:1em}.elementor-widget-text-editor .elementor-drop-cap{float:left;text-align:center;line-height:1;font-size:50px}.elementor-widget-text-editor .elementor-drop-cap-letter{display:inline-block}<\/style>\t\t\t\t<p>En <strong>SoftSoluciones<\/strong> , somos una empresa dedicada apasionadamente al mundo de la tecnolog\u00eda y comprometida con proporcionar soluciones integrales en el \u00e1mbito del soporte t\u00e9cnico computacional, la venta de insumos, el hosting y el dise\u00f1o web. Fundada con la firme convicci\u00f3n de marcar pauta en el sector, combinamos conocimientos t\u00e9cnicos avanzados con un enfoque centrado en el cliente, lo que nos ha posicionado como l\u00edderes en el mercado.<\/p>\t\t\t\t\t\t<\/div>\n\t\t\t\t<\/div>\n\t\t\t\t\t<\/div>\n\t\t<\/div>\n\t\t\t\t<div class=\"elementor-column elementor-col-50 elementor-top-column elementor-element elementor-element-e0d4b4a elementor-hidden-tablet elementor-hidden-mobile\" data-id=\"e0d4b4a\" data-element_type=\"column\">\n\t\t\t<div class=\"elementor-widget-wrap elementor-element-populated\">\n\t\t\t\t\t\t\t\t<div class=\"elementor-element elementor-element-46f0fbc elementor-widget elementor-widget-image\" data-id=\"46f0fbc\" data-element_type=\"widget\" data-widget_type=\"image.default\">\n\t\t\t\t<div class=\"elementor-widget-container\">\n\t\t\t<style>\/*! elementor - v3.14.0 - 26-06-2023 *\/\n.elementor-widget-image{text-align:center}.elementor-widget-image a{display:inline-block}.elementor-widget-image a img[src$=\".svg\"]{width:48px}.elementor-widget-image img{vertical-align:middle;display:inline-block}<\/style>\t\t\t\t\t\t\t\t\t\t\t\t<img loading=\"lazy\" decoding=\"async\" width=\"800\" height=\"773\" src=\"https:\/\/softsoluciones.cl\/web\/wp-content\/uploads\/2023\/05\/pic-6.jpg\" class=\"attachment-large size-large wp-image-866\" alt=\"\" srcset=\"https:\/\/softsoluciones.cl\/web\/wp-content\/uploads\/2023\/05\/pic-6.jpg 800w, https:\/\/softsoluciones.cl\/web\/wp-content\/uploads\/2023\/05\/pic-6-300x290.jpg 300w, https:\/\/softsoluciones.cl\/web\/wp-content\/uploads\/2023\/05\/pic-6-768x742.jpg 768w\" sizes=\"auto, (max-width: 800px) 100vw, 800px\" \/>\t\t\t\t\t\t\t\t\t\t\t\t\t\t\t<\/div>\n\t\t\t\t<\/div>\n\t\t\t\t\t<\/div>\n\t\t<\/div>\n\t\t\t\t\t\t\t<\/div>\n\t\t<\/section>\n\t\t\t\t<section class=\"elementor-section elementor-top-section elementor-element elementor-element-61ecbc1 elementor-section-boxed elementor-section-height-default elementor-section-height-default wpr-particle-no wpr-jarallax-no wpr-parallax-no wpr-sticky-section-no\" data-id=\"61ecbc1\" data-element_type=\"section\" data-settings=\"{&quot;background_background&quot;:&quot;classic&quot;}\">\n\t\t\t\t\t\t\t<div class=\"elementor-background-overlay\"><\/div>\n\t\t\t\t\t\t\t<div class=\"elementor-container elementor-column-gap-wide\">\n\t\t\t\t\t<div class=\"elementor-column elementor-col-50 elementor-top-column elementor-element elementor-element-394ad36 elementor-hidden-tablet elementor-hidden-mobile\" data-id=\"394ad36\" data-element_type=\"column\">\n\t\t\t<div class=\"elementor-widget-wrap elementor-element-populated\">\n\t\t\t\t\t\t\t\t<div class=\"elementor-element elementor-element-77e4c97 e-transform elementor-widget elementor-widget-image\" data-id=\"77e4c97\" data-element_type=\"widget\" data-settings=\"{&quot;_transform_flipX_effect&quot;:&quot;transform&quot;}\" data-widget_type=\"image.default\">\n\t\t\t\t<div class=\"elementor-widget-container\">\n\t\t\t\t\t\t\t\t\t\t\t\t\t\t\t<img loading=\"lazy\" decoding=\"async\" width=\"579\" height=\"800\" src=\"https:\/\/softsoluciones.cl\/web\/wp-content\/uploads\/2023\/05\/human.png\" class=\"attachment-large size-large wp-image-370\" alt=\"\" srcset=\"https:\/\/softsoluciones.cl\/web\/wp-content\/uploads\/2023\/05\/human.png 579w, https:\/\/softsoluciones.cl\/web\/wp-content\/uploads\/2023\/05\/human-217x300.png 217w\" sizes=\"auto, (max-width: 579px) 100vw, 579px\" \/>\t\t\t\t\t\t\t\t\t\t\t\t\t\t\t<\/div>\n\t\t\t\t<\/div>\n\t\t\t\t\t<\/div>\n\t\t<\/div>\n\t\t\t\t<div class=\"elementor-column elementor-col-50 elementor-top-column elementor-element elementor-element-6399197\" data-id=\"6399197\" data-element_type=\"column\">\n\t\t\t<div class=\"elementor-widget-wrap elementor-element-populated\">\n\t\t\t\t\t\t\t\t<div class=\"elementor-element elementor-element-ff48cb7 elementor-widget elementor-widget-heading\" data-id=\"ff48cb7\" data-element_type=\"widget\" data-widget_type=\"heading.default\">\n\t\t\t\t<div class=\"elementor-widget-container\">\n\t\t\t<h2 class=\"elementor-heading-title elementor-size-default\">Misi\u00f3n<\/h2>\t\t<\/div>\n\t\t\t\t<\/div>\n\t\t\t\t<div class=\"elementor-element elementor-element-e5e8581 elementor-widget elementor-widget-text-editor\" data-id=\"e5e8581\" data-element_type=\"widget\" data-widget_type=\"text-editor.default\">\n\t\t\t\t<div class=\"elementor-widget-container\">\n\t\t\t\t\t\t\t<p><span>Nuestra misi\u00f3n es facilitar y enriquecer la relaci\u00f3n de las personas con la tecnolog\u00eda. <\/span><span>A trav\u00e9s de servicios de soporte t\u00e9cnico de excelencia, la oferta de insumos de calidad superior, soluciones de hosting confiables y dise\u00f1os web innovadores, buscamos ser el socio confiable de individuos y empresas. <\/span><span>Superamos desaf\u00edos tecnol\u00f3gicos con profesionalismo y empat\u00eda, trabajando incansablemente para brindar soluciones que optimicen el rendimiento tecnol\u00f3gico y contribuyan al logro de nuestros clientes.<\/span><\/p>\t\t\t\t\t\t<\/div>\n\t\t\t\t<\/div>\n\t\t\t\t\t<\/div>\n\t\t<\/div>\n\t\t\t\t\t\t\t<\/div>\n\t\t<\/section>\n\t\t\t\t<section class=\"elementor-section elementor-top-section elementor-element elementor-element-b9b2230 elementor-section-boxed elementor-section-height-default elementor-section-height-default wpr-particle-no wpr-jarallax-no wpr-parallax-no wpr-sticky-section-no\" data-id=\"b9b2230\" data-element_type=\"section\">\n\t\t\t\t\t\t<div class=\"elementor-container elementor-column-gap-wide\">\n\t\t\t\t\t<div class=\"elementor-column elementor-col-100 elementor-top-column elementor-element elementor-element-ec76ac1\" data-id=\"ec76ac1\" data-element_type=\"column\">\n\t\t\t<div class=\"elementor-widget-wrap elementor-element-populated\">\n\t\t\t\t\t\t\t\t<div class=\"elementor-element elementor-element-67e4046 elementor-widget elementor-widget-heading\" data-id=\"67e4046\" data-element_type=\"widget\" data-widget_type=\"heading.default\">\n\t\t\t\t<div class=\"elementor-widget-container\">\n\t\t\t<h2 class=\"elementor-heading-title elementor-size-default\">Visi\u00f3n<\/h2>\t\t<\/div>\n\t\t\t\t<\/div>\n\t\t\t\t<div class=\"elementor-element elementor-element-c00ff1f elementor-widget elementor-widget-text-editor\" data-id=\"c00ff1f\" data-element_type=\"widget\" data-widget_type=\"text-editor.default\">\n\t\t\t\t<div class=\"elementor-widget-container\">\n\t\t\t\t\t\t\t<p><span>En Soft-Solution, aspiramos a ser reconocidos a nivel global como la referencia en soluciones de soporte t\u00e9cnico, suministro de insumos, hosting y dise\u00f1o web. <\/span><span>Visualizamos una expansi\u00f3n internacional y nos esforzamos por ser la primera elecci\u00f3n tanto para usuarios individuales como para empresas que buscan un soporte t\u00e9cnico confiable, productos tecnol\u00f3gicos de \u00faltima generaci\u00f3n y servicios que abarquen desde el hosting hasta soluciones de dise\u00f1o web.<\/span><\/p>\t\t\t\t\t\t<\/div>\n\t\t\t\t<\/div>\n\t\t\t\t\t<\/div>\n\t\t<\/div>\n\t\t\t\t\t\t\t<\/div>\n\t\t<\/section>\n\t\t\t\t<section class=\"elementor-section elementor-top-section elementor-element elementor-element-e22e0d0 elementor-section-boxed elementor-section-height-default elementor-section-height-default wpr-particle-no wpr-jarallax-no wpr-parallax-no wpr-sticky-section-no\" data-id=\"e22e0d0\" data-element_type=\"section\">\n\t\t\t\t\t\t<div class=\"elementor-container elementor-column-gap-wide\">\n\t\t\t\t\t<div class=\"elementor-column elementor-col-50 elementor-top-column elementor-element elementor-element-2a18535\" data-id=\"2a18535\" data-element_type=\"column\">\n\t\t\t<div class=\"elementor-widget-wrap elementor-element-populated\">\n\t\t\t\t\t\t\t\t<div class=\"elementor-element elementor-element-2efe058 wpr-flip-box-animation-flip wpr-flip-box-animation-3d-yes wpr-flip-box-anim-direction-right wpr-flip-box-front-align-center wpr-flip-box-back-align-center elementor-widget elementor-widget-wpr-flip-box\" data-id=\"2efe058\" data-element_type=\"widget\" data-widget_type=\"wpr-flip-box.default\">\n\t\t\t\t<div class=\"elementor-widget-container\">\n\t\t\t\t\t\t\n\t\t<div class=\"wpr-flip-box\" data-trigger=\"hover\">\n\t\t\t\n\t\t\t<div class=\"wpr-flip-box-item wpr-flip-box-front wpr-anim-timing-ease-default\">\n\n\t\t\t\t<div class=\"wpr-flip-box-overlay\"><\/div>\n\n\t\t\t\t<div class=\"wpr-flip-box-content\">\n\t\t\t\t\t\n\t\t\t\t\t\t\t\t\t\t<div class=\"wpr-flip-box-icon\">\n\t\t\t\t\t\t<i class=\"fas fa-unlock-alt\"><\/i>\n\t\t\t\t\t<\/div>\n\t\t\t\t\t\t\t\t\t\t\n\t\t\t\t\t\t\t\t\t\t\t<h3 class=\"wpr-flip-box-title\">Desarrollos<\/h3>\n\t\t\t\t\t\n\t\t\t\t\t\t\t\t\t\t\t<div class=\"wpr-flip-box-description\"><p><span>Construyendo el futuro digital a medida. <\/span><span>Desde aplicaciones innovadoras hasta sistemas complejos, nuestro desarrollo inform\u00e1tico impulsa la eficiencia y la transformaci\u00f3n en cada l\u00ednea de c\u00f3digo.<\/span><\/p><\/div>\t\t\t\t\t\t\n\t\t\t\t\t\t\n\n\t\t\t\t\t\t\n\n\t\t\t\t<\/div>\n\t\t\t<\/div>\n\n\t\t\t<div class=\"wpr-flip-box-item wpr-flip-box-back wpr-anim-timing-ease-default\">\n\n\t\t\t\t<div class=\"wpr-flip-box-overlay\"><\/div>\n\t\t\t\t\n\t\t\t\t<div class=\"wpr-flip-box-content\">\n\t\t\t\t\t\n\t\t\t\t\t\t\t\t\t\t<a class=\"wpr-flip-box-link\" href=\"#\"><\/a>\t\n\t\t\t\t\t\n\t\t\t\t\t\t\t\t\t\t\n\t\t\t\t\t\t\t\t\t\t\t<h3 class=\"wpr-flip-box-title\">\n\t\t\t\t\t\t\tSoftSoluciones\t\t\t\t\t\t<\/h3>\n\t\t\t\t\t\n\t\t\t\t\t\t\n\n\t\t\t\t\t\t\n\n\t\t\t\t<\/div>\n\t\t\t<\/div>\n\t\t<\/div>\n\n\t\t\t\t<\/div>\n\t\t\t\t<\/div>\n\t\t\t\t<div class=\"elementor-element elementor-element-6c4629f wpr-flip-box-animation-flip wpr-flip-box-animation-3d-yes wpr-flip-box-anim-direction-right wpr-flip-box-front-align-center wpr-flip-box-back-align-center elementor-widget elementor-widget-wpr-flip-box\" data-id=\"6c4629f\" data-element_type=\"widget\" data-widget_type=\"wpr-flip-box.default\">\n\t\t\t\t<div class=\"elementor-widget-container\">\n\t\t\t\t\t\t\n\t\t<div class=\"wpr-flip-box\" data-trigger=\"hover\">\n\t\t\t\n\t\t\t<div class=\"wpr-flip-box-item wpr-flip-box-front wpr-anim-timing-ease-default\">\n\n\t\t\t\t<div class=\"wpr-flip-box-overlay\"><\/div>\n\n\t\t\t\t<div class=\"wpr-flip-box-content\">\n\t\t\t\t\t\n\t\t\t\t\t\t\t\t\t\t<div class=\"wpr-flip-box-icon\">\n\t\t\t\t\t\t<i class=\"far fa-credit-card\"><\/i>\n\t\t\t\t\t<\/div>\n\t\t\t\t\t\t\t\t\t\t\n\t\t\t\t\t\t\t\t\t\t\t<h3 class=\"wpr-flip-box-title\">Ventas<\/h3>\n\t\t\t\t\t\n\t\t\t\t\t\t\t\t\t\t\t<div class=\"wpr-flip-box-description\"><p><span>Explora nuestro cat\u00e1logo de innovaci\u00f3n. <\/span><span>Desde gadgets sorprendentes hasta soluciones inteligentes, ofrecemos tecnolog\u00eda vanguardista que mejora tu vida y potencia tu productividad en la era digital.<\/span><\/p><\/div>\t\t\t\t\t\t\n\t\t\t\t\t\t\n\n\t\t\t\t\t\t\n\n\t\t\t\t<\/div>\n\t\t\t<\/div>\n\n\t\t\t<div class=\"wpr-flip-box-item wpr-flip-box-back wpr-anim-timing-ease-default\">\n\n\t\t\t\t<div class=\"wpr-flip-box-overlay\"><\/div>\n\t\t\t\t\n\t\t\t\t<div class=\"wpr-flip-box-content\">\n\t\t\t\t\t\n\t\t\t\t\t\t\t\t\t\t<a class=\"wpr-flip-box-link\" href=\"#\"><\/a>\t\n\t\t\t\t\t\n\t\t\t\t\t\t\t\t\t\t\n\t\t\t\t\t\t\t\t\t\t\t<h3 class=\"wpr-flip-box-title\">\n\t\t\t\t\t\t\tSoftSoluciones\t\t\t\t\t\t<\/h3>\n\t\t\t\t\t\n\t\t\t\t\t\t\n\n\t\t\t\t\t\t\n\n\t\t\t\t<\/div>\n\t\t\t<\/div>\n\t\t<\/div>\n\n\t\t\t\t<\/div>\n\t\t\t\t<\/div>\n\t\t\t\t\t<\/div>\n\t\t<\/div>\n\t\t\t\t<div class=\"elementor-column elementor-col-50 elementor-top-column elementor-element elementor-element-2351bbe\" data-id=\"2351bbe\" data-element_type=\"column\">\n\t\t\t<div class=\"elementor-widget-wrap elementor-element-populated\">\n\t\t\t\t\t\t\t\t<div class=\"elementor-element elementor-element-d33a274 wpr-flip-box-animation-flip wpr-flip-box-animation-3d-yes wpr-flip-box-anim-direction-right wpr-flip-box-front-align-center wpr-flip-box-back-align-center elementor-widget elementor-widget-wpr-flip-box\" data-id=\"d33a274\" data-element_type=\"widget\" data-widget_type=\"wpr-flip-box.default\">\n\t\t\t\t<div class=\"elementor-widget-container\">\n\t\t\t\t\t\t\n\t\t<div class=\"wpr-flip-box\" data-trigger=\"hover\">\n\t\t\t\n\t\t\t<div class=\"wpr-flip-box-item wpr-flip-box-front wpr-anim-timing-ease-default\">\n\n\t\t\t\t<div class=\"wpr-flip-box-overlay\"><\/div>\n\n\t\t\t\t<div class=\"wpr-flip-box-content\">\n\t\t\t\t\t\n\t\t\t\t\t\t\t\t\t\t<div class=\"wpr-flip-box-icon\">\n\t\t\t\t\t\t<i class=\"fas fa-network-wired\"><\/i>\n\t\t\t\t\t<\/div>\n\t\t\t\t\t\t\t\t\t\t\n\t\t\t\t\t\t\t\t\t\t\t<h3 class=\"wpr-flip-box-title\">Hosting<\/h3>\n\t\t\t\t\t\n\t\t\t\t\t\t\t\t\t\t\t<div class=\"wpr-flip-box-description\"><p><span>Nuestro hosting de \u00e9lite asegura tu presencia en l\u00ednea sin complicaciones. <\/span><span>R\u00e1pido, seguro y confiable, ofrecemos el espacio perfecto para que tu sitio web brille en el mundo digital.<\/span><\/p><\/div>\t\t\t\t\t\t\n\t\t\t\t\t\t\n\n\t\t\t\t\t\t\n\n\t\t\t\t<\/div>\n\t\t\t<\/div>\n\n\t\t\t<div class=\"wpr-flip-box-item wpr-flip-box-back wpr-anim-timing-ease-default\">\n\n\t\t\t\t<div class=\"wpr-flip-box-overlay\"><\/div>\n\t\t\t\t\n\t\t\t\t<div class=\"wpr-flip-box-content\">\n\t\t\t\t\t\n\t\t\t\t\t\t\t\t\t\t<a class=\"wpr-flip-box-link\" href=\"#\"><\/a>\t\n\t\t\t\t\t\n\t\t\t\t\t\t\t\t\t\t\n\t\t\t\t\t\t\t\t\t\t\t<h3 class=\"wpr-flip-box-title\">\n\t\t\t\t\t\t\tSoftSoluciones\t\t\t\t\t\t<\/h3>\n\t\t\t\t\t\n\t\t\t\t\t\t\n\n\t\t\t\t\t\t\n\n\t\t\t\t<\/div>\n\t\t\t<\/div>\n\t\t<\/div>\n\n\t\t\t\t<\/div>\n\t\t\t\t<\/div>\n\t\t\t\t<div class=\"elementor-element elementor-element-906416f wpr-flip-box-animation-flip wpr-flip-box-animation-3d-yes wpr-flip-box-anim-direction-right wpr-flip-box-front-align-center wpr-flip-box-back-align-center elementor-widget elementor-widget-wpr-flip-box\" data-id=\"906416f\" data-element_type=\"widget\" data-widget_type=\"wpr-flip-box.default\">\n\t\t\t\t<div class=\"elementor-widget-container\">\n\t\t\t\t\t\t\n\t\t<div class=\"wpr-flip-box\" data-trigger=\"hover\">\n\t\t\t\n\t\t\t<div class=\"wpr-flip-box-item wpr-flip-box-front wpr-anim-timing-ease-default\">\n\n\t\t\t\t<div class=\"wpr-flip-box-overlay\"><\/div>\n\n\t\t\t\t<div class=\"wpr-flip-box-content\">\n\t\t\t\t\t\n\t\t\t\t\t\t\t\t\t\t<div class=\"wpr-flip-box-icon\">\n\t\t\t\t\t\t<i class=\"fas fa-search-dollar\"><\/i>\n\t\t\t\t\t<\/div>\n\t\t\t\t\t\t\t\t\t\t\n\t\t\t\t\t\t\t\t\t\t\t<h3 class=\"wpr-flip-box-title\">Soporte<\/h3>\n\t\t\t\t\t\n\t\t\t\t\t\t\t\t\t\t\t<div class=\"wpr-flip-box-description\"><p><span>Nuestro soporte computacional experto est\u00e1 a tu servicio. <\/span><span>Resolvemos problemas, optimizamos el rendimiento y brindamos asistencia t\u00e9cnica para que puedas disfrutar sin preocupaciones del mundo digital.<\/span><\/p><\/div>\t\t\t\t\t\t\n\t\t\t\t\t\t\n\n\t\t\t\t\t\t\n\n\t\t\t\t<\/div>\n\t\t\t<\/div>\n\n\t\t\t<div class=\"wpr-flip-box-item wpr-flip-box-back wpr-anim-timing-ease-default\">\n\n\t\t\t\t<div class=\"wpr-flip-box-overlay\"><\/div>\n\t\t\t\t\n\t\t\t\t<div class=\"wpr-flip-box-content\">\n\t\t\t\t\t\n\t\t\t\t\t\t\t\t\t\t<a class=\"wpr-flip-box-link\" href=\"#\"><\/a>\t\n\t\t\t\t\t\n\t\t\t\t\t\t\t\t\t\t\n\t\t\t\t\t\t\t\t\t\t\t<h3 class=\"wpr-flip-box-title\">\n\t\t\t\t\t\t\tSoftSoluciones\t\t\t\t\t\t<\/h3>\n\t\t\t\t\t\n\t\t\t\t\t\t\n\n\t\t\t\t\t\t\n\n\t\t\t\t<\/div>\n\t\t\t<\/div>\n\t\t<\/div>\n\n\t\t\t\t<\/div>\n\t\t\t\t<\/div>\n\t\t\t\t\t<\/div>\n\t\t<\/div>\n\t\t\t\t\t\t\t<\/div>\n\t\t<\/section>\n\t\t\t\t<section class=\"elementor-section elementor-top-section elementor-element elementor-element-4dd673b elementor-section-boxed elementor-section-height-default elementor-section-height-default wpr-particle-no wpr-jarallax-no wpr-parallax-no wpr-sticky-section-no\" data-id=\"4dd673b\" data-element_type=\"section\">\n\t\t\t\t\t\t<div class=\"elementor-container elementor-column-gap-default\">\n\t\t\t\t\t<div class=\"elementor-column elementor-col-100 elementor-top-column elementor-element elementor-element-0829cd3\" data-id=\"0829cd3\" data-element_type=\"column\">\n\t\t\t<div class=\"elementor-widget-wrap elementor-element-populated\">\n\t\t\t\t\t\t\t\t<div class=\"elementor-element elementor-element-5a1b310 elementor-widget-divider--view-line elementor-widget elementor-widget-divider\" data-id=\"5a1b310\" data-element_type=\"widget\" data-widget_type=\"divider.default\">\n\t\t\t\t<div class=\"elementor-widget-container\">\n\t\t\t<style>\/*! elementor - v3.14.0 - 26-06-2023 *\/\n.elementor-widget-divider{--divider-border-style:none;--divider-border-width:1px;--divider-color:#0c0d0e;--divider-icon-size:20px;--divider-element-spacing:10px;--divider-pattern-height:24px;--divider-pattern-size:20px;--divider-pattern-url:none;--divider-pattern-repeat:repeat-x}.elementor-widget-divider .elementor-divider{display:flex}.elementor-widget-divider .elementor-divider__text{font-size:15px;line-height:1;max-width:95%}.elementor-widget-divider .elementor-divider__element{margin:0 var(--divider-element-spacing);flex-shrink:0}.elementor-widget-divider .elementor-icon{font-size:var(--divider-icon-size)}.elementor-widget-divider .elementor-divider-separator{display:flex;margin:0;direction:ltr}.elementor-widget-divider--view-line_icon .elementor-divider-separator,.elementor-widget-divider--view-line_text .elementor-divider-separator{align-items:center}.elementor-widget-divider--view-line_icon .elementor-divider-separator:after,.elementor-widget-divider--view-line_icon .elementor-divider-separator:before,.elementor-widget-divider--view-line_text .elementor-divider-separator:after,.elementor-widget-divider--view-line_text .elementor-divider-separator:before{display:block;content:\"\";border-bottom:0;flex-grow:1;border-top:var(--divider-border-width) var(--divider-border-style) var(--divider-color)}.elementor-widget-divider--element-align-left .elementor-divider .elementor-divider-separator>.elementor-divider__svg:first-of-type{flex-grow:0;flex-shrink:100}.elementor-widget-divider--element-align-left .elementor-divider-separator:before{content:none}.elementor-widget-divider--element-align-left .elementor-divider__element{margin-left:0}.elementor-widget-divider--element-align-right .elementor-divider .elementor-divider-separator>.elementor-divider__svg:last-of-type{flex-grow:0;flex-shrink:100}.elementor-widget-divider--element-align-right .elementor-divider-separator:after{content:none}.elementor-widget-divider--element-align-right .elementor-divider__element{margin-right:0}.elementor-widget-divider:not(.elementor-widget-divider--view-line_text):not(.elementor-widget-divider--view-line_icon) .elementor-divider-separator{border-top:var(--divider-border-width) var(--divider-border-style) var(--divider-color)}.elementor-widget-divider--separator-type-pattern{--divider-border-style:none}.elementor-widget-divider--separator-type-pattern.elementor-widget-divider--view-line .elementor-divider-separator,.elementor-widget-divider--separator-type-pattern:not(.elementor-widget-divider--view-line) .elementor-divider-separator:after,.elementor-widget-divider--separator-type-pattern:not(.elementor-widget-divider--view-line) .elementor-divider-separator:before,.elementor-widget-divider--separator-type-pattern:not([class*=elementor-widget-divider--view]) .elementor-divider-separator{width:100%;min-height:var(--divider-pattern-height);-webkit-mask-size:var(--divider-pattern-size) 100%;mask-size:var(--divider-pattern-size) 100%;-webkit-mask-repeat:var(--divider-pattern-repeat);mask-repeat:var(--divider-pattern-repeat);background-color:var(--divider-color);-webkit-mask-image:var(--divider-pattern-url);mask-image:var(--divider-pattern-url)}.elementor-widget-divider--no-spacing{--divider-pattern-size:auto}.elementor-widget-divider--bg-round{--divider-pattern-repeat:round}.rtl .elementor-widget-divider .elementor-divider__text{direction:rtl}.e-con-inner>.elementor-widget-divider,.e-con>.elementor-widget-divider{width:var(--container-widget-width,100%);--flex-grow:var(--container-widget-flex-grow)}<\/style>\t\t<div class=\"elementor-divider\">\n\t\t\t<span class=\"elementor-divider-separator\">\n\t\t\t\t\t\t<\/span>\n\t\t<\/div>\n\t\t\t\t<\/div>\n\t\t\t\t<\/div>\n\t\t\t\t\t<\/div>\n\t\t<\/div>\n\t\t\t\t\t\t\t<\/div>\n\t\t<\/section>\n\t\t\t\t\t\t\t<\/div>\n\t\t","protected":false},"excerpt":{"rendered":"<p>Quienes Somos Quienes Somos En SoftSoluciones , somos una empresa dedicada apasionadamente al mundo de la tecnolog\u00eda y comprometida con proporcionar soluciones integrales en el \u00e1mbito del soporte t\u00e9cnico computacional, la venta de insumos, el hosting y el dise\u00f1o web. Fundada con la firme convicci\u00f3n de marcar pauta en el sector, combinamos conocimientos t\u00e9cnicos avanzados [&hellip;]<\/p>\n","protected":false},"author":1,"featured_media":0,"parent":0,"menu_order":0,"comment_status":"closed","ping_status":"closed","template":"elementor_canvas","meta":{"footnotes":""},"class_list":["post-8","page","type-page","status-publish","hentry"],"_links":{"self":[{"href":"https:\/\/softsoluciones.cl\/web\/index.php\/wp-json\/wp\/v2\/pages\/8","targetHints":{"allow":["GET"]}}],"collection":[{"href":"https:\/\/softsoluciones.cl\/web\/index.php\/wp-json\/wp\/v2\/pages"}],"about":[{"href":"https:\/\/softsoluciones.cl\/web\/index.php\/wp-json\/wp\/v2\/types\/page"}],"author":[{"embeddable":true,"href":"https:\/\/softsoluciones.cl\/web\/index.php\/wp-json\/wp\/v2\/users\/1"}],"replies":[{"embeddable":true,"href":"https:\/\/softsoluciones.cl\/web\/index.php\/wp-json\/wp\/v2\/comments?post=8"}],"version-history":[{"count":12,"href":"https:\/\/softsoluciones.cl\/web\/index.php\/wp-json\/wp\/v2\/pages\/8\/revisions"}],"predecessor-version":[{"id":1008,"href":"https:\/\/softsoluciones.cl\/web\/index.php\/wp-json\/wp\/v2\/pages\/8\/revisions\/1008"}],"wp:attachment":[{"href":"https:\/\/softsoluciones.cl\/web\/index.php\/wp-json\/wp\/v2\/media?parent=8"}],"curies":[{"name":"wp","href":"https:\/\/api.w.org\/{rel}","templated":true}]}}